{"id":7687,"date":"2022-11-07T09:19:07","date_gmt":"2022-11-07T09:19:07","guid":{"rendered":"https:\/\/www.hotelpraktikrambla.com\/?page_id=7687"},"modified":"2024-01-29T10:30:06","modified_gmt":"2024-01-29T10:30:06","slug":"service","status":"publish","type":"page","link":"https:\/\/www.hotelpraktikrambla.com\/fr\/hotel-a-barcelone\/service\/","title":{"rendered":"Service"},"content":{"rendered":"<h1 style=\"text-align: center\">Nos services<\/h1>\n<p style=\"text-align: center\">Le Praktik Rambla est dot\u00e9 d&rsquo;une magnifique terrasse avec des tables, des transats et des canap\u00e9s o\u00f9 vous relaxer apr\u00e8s avoir pass\u00e9 une journ\u00e9e \u00e0 arpenter Barcelone. Vous pourrez y acc\u00e9der en traversant notre lumineux lounge situ\u00e9 \u00e0 l&rsquo;arri\u00e8re du b\u00e2timent.<\/p>\n<p><img decoding=\"async\" title=\"wifi-icono\" src=\"https:\/\/www.hotelpraktikrambla.com\/wp-content\/uploads\/sites\/5\/2022\/11\/wifi-icono.png\" alt=\"wifi icono\" width=\"48\" height=\"36\" data-id=\"3668\" data-init-width=\"48\" data-init-height=\"36\" data-width=\"48\" data-height=\"36\" \/><\/p>\n<p style=\"text-align: center;color: #066f7a !important;--tcb-applied-color: #066f7a !important\">Wi-Fi gratuit<\/p>\n<p><img decoding=\"async\" title=\"conserjeria-icono\" src=\"https:\/\/www.hotelpraktikrambla.com\/wp-content\/uploads\/sites\/5\/2022\/11\/conserjeria-icono.png\" alt=\"icono conserjeria\" width=\"48\" height=\"39\" data-id=\"3660\" data-init-width=\"54\" data-init-height=\"44\" data-width=\"48\" data-height=\"39\" \/><\/p>\n<p style=\"text-align: center\">\u00a0R\u00e9ception 24 h\/24<\/p>\n<p><img decoding=\"async\" title=\"cafe-icono\" src=\"https:\/\/www.hotelpraktikrambla.com\/wp-content\/uploads\/sites\/5\/2022\/11\/cafe-icono.png\" alt=\"icono m\u00e1quina de caf\u00e9\" width=\"40\" height=\"45\" data-id=\"3659\" data-init-width=\"40\" data-init-height=\"45\" data-width=\"40\" data-height=\"45\" \/><\/p>\n<p style=\"text-align: center\">\u00a0Machine \u00e0 caf\u00e9<\/p>\n<p><img decoding=\"async\" title=\"restaurante-icono\" src=\"https:\/\/www.hotelpraktikrambla.com\/wp-content\/uploads\/sites\/5\/2022\/11\/restaurante-icono.png\" alt=\"restaurante icono\" width=\"55\" height=\"49\" data-id=\"3664\" data-init-width=\"55\" data-init-height=\"49\" data-width=\"55\" data-height=\"49\" \/><\/p>\n<p style=\"text-align: center;color: #066f7a !important;--tcb-applied-color: #066f7a !important\">\u00a0R\u00e9servation de restaurants<\/p>\n<p><img decoding=\"async\" title=\"desayuno\" src=\"https:\/\/www.hotelpraktikrambla.com\/wp-content\/uploads\/sites\/5\/2022\/11\/desayuno.png\" alt=\"desayuno\" width=\"70\" height=\"64\" data-id=\"8944\" data-init-width=\"150\" data-init-height=\"137\" data-width=\"70\" data-height=\"64\" \/><\/p>\n<p style=\"text-align: center\">Petits d\u00e9jeuners gratuits<\/p>\n<p><img decoding=\"async\" title=\"lavanderia-icono\" src=\"https:\/\/www.hotelpraktikrambla.com\/wp-content\/uploads\/sites\/5\/2022\/11\/lavanderia-icono.png\" alt=\"icono lavander\u00eda\" width=\"39\" height=\"46\" data-id=\"3662\" data-init-width=\"39\" data-init-height=\"46\" data-width=\"39\" data-height=\"46\" \/><\/p>\n<p style=\"text-align: center;color: #066f7a !important;--tcb-applied-color: #066f7a !important\">\u00a0Service de blanchisserie<\/p>\n<p><img decoding=\"async\" title=\"toallas-icono\" src=\"https:\/\/www.hotelpraktikrambla.com\/wp-content\/uploads\/sites\/5\/2022\/11\/toallas-icono.png\" alt=\"toallas icono\" width=\"32\" height=\"46\" data-id=\"3667\" data-init-width=\"32\" data-init-height=\"46\" data-width=\"32\" data-height=\"46\" \/><\/p>\n<p style=\"text-align: center;color: #066f7a !important;--tcb-applied-color: #066f7a !important\">\u00a0Serviettes de plage<\/p>\n<p><img decoding=\"async\" title=\"amenities-icon\" src=\"https:\/\/www.hotelpraktikrambla.com\/wp-content\/uploads\/sites\/5\/2022\/11\/amenities-icon.png\" alt=\"Amenities anti alerg\u00e9nicos\" width=\"32\" height=\"44\" data-id=\"4508\" data-init-width=\"50\" data-init-height=\"69\" data-width=\"32\" data-height=\"44\" \/><\/p>\n<p style=\"text-align: center\">\u00a0Produits d&rsquo;accueil hypoallerg\u00e9niques<\/p>\n<p><img decoding=\"async\" title=\"nogluten\" src=\"https:\/\/www.hotelpraktikrambla.com\/wp-content\/uploads\/sites\/5\/2022\/11\/nogluten.png\" alt=\"desayunos sin gluten\" width=\"50\" height=\"50\" data-id=\"8950\" data-init-width=\"150\" data-init-height=\"150\" data-width=\"50\" data-height=\"50\" \/><\/p>\n<p style=\"text-align: center\">Petit-d\u00e9jeuner sans gluten sur demande<\/p>\n<p><img decoding=\"async\" title=\"almohadas\" src=\"https:\/\/www.hotelpraktikrambla.com\/wp-content\/uploads\/sites\/5\/2022\/11\/almohadas.png\" alt=\"selecci\u00f3n de almohadas\" width=\"52\" height=\"50\" data-id=\"8956\" data-init-width=\"150\" data-init-height=\"143\" data-width=\"52\" data-height=\"50\" \/><\/p>\n<p style=\"text-align: center\">Menu d&rsquo;oreillers<\/p>\n<p><img decoding=\"async\" title=\"taxisaeropuerto-icono\" src=\"https:\/\/www.hotelpraktikrambla.com\/wp-content\/uploads\/sites\/5\/2022\/11\/taxisaeropuerto-icono.png\" alt=\"taxi aeropuerto icono\" width=\"64\" height=\"46\" data-id=\"3665\" data-init-width=\"64\" data-init-height=\"46\" data-width=\"64\" data-height=\"46\" \/><\/p>\n<p style=\"text-align: center\">\u00a0Transfert \u00e0 l&rsquo;a\u00e9roport<\/p>\n<p><img decoding=\"async\" title=\"bascula-icono\" src=\"https:\/\/www.hotelpraktikrambla.com\/wp-content\/uploads\/sites\/5\/2022\/11\/bascula-icono.png\" alt=\"icono b\u00e1scula para equipaje\" width=\"74\" height=\"74\" data-id=\"3657\" data-init-width=\"45\" data-init-height=\"45\" data-width=\"74\" data-height=\"74\" \/><\/p>\n<p style=\"text-align: center\">\u00a0P\u00e8se-bagages<\/p>\n<p><img decoding=\"async\" title=\"parking-icono\" src=\"https:\/\/www.hotelpraktikrambla.com\/wp-content\/uploads\/sites\/5\/2022\/11\/parking-icono.png\" alt=\"icono parking\" width=\"48\" height=\"48\" data-id=\"3663\" data-init-width=\"48\" data-init-height=\"48\" data-width=\"48\" data-height=\"48\" \/><\/p>\n<p style=\"text-align: center\">\u00a0Parking public \u00e0 50 m de l&rsquo;h\u00f4tel<\/p>\n<p><img decoding=\"async\" title=\"accesibilidad-icon\" src=\"https:\/\/www.hotelpraktikrambla.com\/wp-content\/uploads\/sites\/5\/2022\/11\/accesibilidad-icon.png\" alt=\"accesibilidad\" width=\"51\" height=\"51\" data-id=\"4510\" data-init-width=\"50\" data-init-height=\"50\" data-width=\"51\" data-height=\"51\" \/><\/p>\n<p style=\"text-align: center\">\u00a0Accessibilit\u00e9 pour les personnes \u00e0 mobilit\u00e9 r\u00e9duite<\/p>\n<p style=\"text-align: center\">We are Barcelona<\/p>\n<p style=\"text-align: center\">We are Barcelona<\/p>\n<p>We are Barcelona<\/p>\n","protected":false},"excerpt":{"rendered":"<p>Nos services Le Praktik Rambla est dot\u00e9 d&rsquo;une magnifique terrasse avec des tables, des transats et des canap\u00e9s o\u00f9 vous relaxer apr\u00e8s avoir pass\u00e9 une journ\u00e9e \u00e0 arpenter Barcelone. Vous pourrez y acc\u00e9der en traversant notre lumineux lounge situ\u00e9 \u00e0 l&rsquo;arri\u00e8re du b\u00e2timent. Wi-Fi gratuit \u00a0R\u00e9ception 24 h\/24 \u00a0Machine \u00e0 caf\u00e9 \u00a0R\u00e9servation de restaurants Petits [&hellip;]<\/p>\n","protected":false},"author":1,"featured_media":9976,"parent":7574,"menu_order":0,"comment_status":"closed","ping_status":"closed","template":"","meta":{"inline_featured_image":false,"footnotes":""},"class_list":["post-7687","page","type-page","status-publish","has-post-thumbnail","hentry","post-wrapper","thrv_wrapper"],"yoast_head":"<!-- This site is optimized with the Yoast SEO plugin v23.2 - https:\/\/yoast.com\/wordpress\/plugins\/seo\/ -->\n<title>Les services de notre h\u00f4tel de Barcelone sur Las Ramblas<\/title>\n<meta name=\"description\" content=\"L&#039;H\u00f4tel Praktik Rambla met \u00e0 votre disposition tous les services dont vous avez besoin dans l&#039;un des meilleurs h\u00f4tels modernistes de Barcelone.\" \/>\n<meta name=\"robots\" content=\"index, follow, max-snippet:-1, max-image-preview:large, max-video-preview:-1\" \/>\n<link rel=\"canonical\" href=\"https:\/\/www.hotelpraktikrambla.com\/fr\/hotel-a-barcelone\/service\/\" \/>\n<meta property=\"og:locale\" content=\"fr_FR\" \/>\n<meta property=\"og:type\" content=\"article\" \/>\n<meta property=\"og:title\" content=\"Les services de notre h\u00f4tel de Barcelone sur Las Ramblas\" \/>\n<meta property=\"og:description\" content=\"L&#039;H\u00f4tel Praktik Rambla met \u00e0 votre disposition tous les services dont vous avez besoin dans l&#039;un des meilleurs h\u00f4tels modernistes de Barcelone.\" \/>\n<meta property=\"og:url\" content=\"https:\/\/www.hotelpraktikrambla.com\/fr\/hotel-a-barcelone\/service\/\" \/>\n<meta property=\"og:site_name\" content=\"Hotel Praktik Rambla\" \/>\n<meta property=\"article:publisher\" content=\"https:\/\/www.facebook.com\/praktikhotels\/\" \/>\n<meta property=\"article:modified_time\" content=\"2024-01-29T10:30:06+00:00\" \/>\n<meta property=\"og:image\" content=\"https:\/\/www.hotelpraktikrambla.com\/wp-content\/uploads\/sites\/5\/2022\/11\/HOTEL-PRAKTIK-RAMBLA-BARCELONA_3-8.jpg\" \/>\n\t<meta property=\"og:image:width\" content=\"540\" \/>\n\t<meta property=\"og:image:height\" content=\"540\" \/>\n\t<meta property=\"og:image:type\" content=\"image\/jpeg\" \/>\n<meta name=\"twitter:card\" content=\"summary_large_image\" \/>\n<meta name=\"twitter:title\" content=\"Les services de notre h\u00f4tel de Barcelone sur Las Ramblas\" \/>\n<meta name=\"twitter:description\" content=\"L&#039;H\u00f4tel Praktik Rambla met \u00e0 votre disposition tous les services dont vous avez besoin dans l&#039;un des meilleurs h\u00f4tels modernistes de Barcelone.\" \/>\n<meta name=\"twitter:site\" content=\"@praktikhotels\" \/>\n<meta name=\"twitter:label1\" content=\"Dur\u00e9e de lecture estim\u00e9e\" \/>\n\t<meta name=\"twitter:data1\" content=\"4 minutes\" \/>\n<script type=\"application\/ld+json\" class=\"yoast-schema-graph\">{\"@context\":\"https:\/\/schema.org\",\"@graph\":[{\"@type\":\"Article\",\"@id\":\"https:\/\/www.hotelpraktikrambla.com\/fr\/hotel-a-barcelone\/service\/#article\",\"isPartOf\":{\"@id\":\"https:\/\/www.hotelpraktikrambla.com\/fr\/hotel-a-barcelone\/service\/\"},\"author\":{\"name\":\"praktkmaster\",\"@id\":\"https:\/\/www.hotelpraktikrambla.com\/fr\/#\/schema\/person\/4015c3b656759440a8291536b481326d\"},\"headline\":\"Service\",\"datePublished\":\"2022-11-07T09:19:07+00:00\",\"dateModified\":\"2024-01-29T10:30:06+00:00\",\"mainEntityOfPage\":{\"@id\":\"https:\/\/www.hotelpraktikrambla.com\/fr\/hotel-a-barcelone\/service\/\"},\"wordCount\":114,\"publisher\":{\"@id\":\"https:\/\/www.hotelpraktikrambla.com\/fr\/#organization\"},\"image\":{\"@id\":\"https:\/\/www.hotelpraktikrambla.com\/fr\/hotel-a-barcelone\/service\/#primaryimage\"},\"thumbnailUrl\":\"https:\/\/www.hotelpraktikrambla.com\/wp-content\/uploads\/sites\/5\/2022\/11\/HOTEL-PRAKTIK-RAMBLA-BARCELONA_3-8.jpg\",\"inLanguage\":\"fr-FR\"},{\"@type\":\"WebPage\",\"@id\":\"https:\/\/www.hotelpraktikrambla.com\/fr\/hotel-a-barcelone\/service\/\",\"url\":\"https:\/\/www.hotelpraktikrambla.com\/fr\/hotel-a-barcelone\/service\/\",\"name\":\"Les services de notre h\u00f4tel de Barcelone sur Las Ramblas\",\"isPartOf\":{\"@id\":\"https:\/\/www.hotelpraktikrambla.com\/fr\/#website\"},\"primaryImageOfPage\":{\"@id\":\"https:\/\/www.hotelpraktikrambla.com\/fr\/hotel-a-barcelone\/service\/#primaryimage\"},\"image\":{\"@id\":\"https:\/\/www.hotelpraktikrambla.com\/fr\/hotel-a-barcelone\/service\/#primaryimage\"},\"thumbnailUrl\":\"https:\/\/www.hotelpraktikrambla.com\/wp-content\/uploads\/sites\/5\/2022\/11\/HOTEL-PRAKTIK-RAMBLA-BARCELONA_3-8.jpg\",\"datePublished\":\"2022-11-07T09:19:07+00:00\",\"dateModified\":\"2024-01-29T10:30:06+00:00\",\"description\":\"L'H\u00f4tel Praktik Rambla met \u00e0 votre disposition tous les services dont vous avez besoin dans l'un des meilleurs h\u00f4tels modernistes de Barcelone.\",\"breadcrumb\":{\"@id\":\"https:\/\/www.hotelpraktikrambla.com\/fr\/hotel-a-barcelone\/service\/#breadcrumb\"},\"inLanguage\":\"fr-FR\",\"potentialAction\":[{\"@type\":\"ReadAction\",\"target\":[\"https:\/\/www.hotelpraktikrambla.com\/fr\/hotel-a-barcelone\/service\/\"]}]},{\"@type\":\"ImageObject\",\"inLanguage\":\"fr-FR\",\"@id\":\"https:\/\/www.hotelpraktikrambla.com\/fr\/hotel-a-barcelone\/service\/#primaryimage\",\"url\":\"https:\/\/www.hotelpraktikrambla.com\/wp-content\/uploads\/sites\/5\/2022\/11\/HOTEL-PRAKTIK-RAMBLA-BARCELONA_3-8.jpg\",\"contentUrl\":\"https:\/\/www.hotelpraktikrambla.com\/wp-content\/uploads\/sites\/5\/2022\/11\/HOTEL-PRAKTIK-RAMBLA-BARCELONA_3-8.jpg\",\"width\":540,\"height\":540,\"caption\":\"fen\u00eatre int\u00e9rieure Hotel Praktik Rambla\"},{\"@type\":\"BreadcrumbList\",\"@id\":\"https:\/\/www.hotelpraktikrambla.com\/fr\/hotel-a-barcelone\/service\/#breadcrumb\",\"itemListElement\":[{\"@type\":\"ListItem\",\"position\":1,\"name\":\"Portada\",\"item\":\"https:\/\/www.hotelpraktikrambla.com\/fr\/\"},{\"@type\":\"ListItem\",\"position\":2,\"name\":\"Hotel a Barcelone\",\"item\":\"https:\/\/www.hotelpraktikrambla.com\/fr\/\"},{\"@type\":\"ListItem\",\"position\":3,\"name\":\"Service\"}]},{\"@type\":\"WebSite\",\"@id\":\"https:\/\/www.hotelpraktikrambla.com\/fr\/#website\",\"url\":\"https:\/\/www.hotelpraktikrambla.com\/fr\/\",\"name\":\"Hotel Praktik Rambla\",\"description\":\"Un hotel con mucha historia\",\"publisher\":{\"@id\":\"https:\/\/www.hotelpraktikrambla.com\/fr\/#organization\"},\"potentialAction\":[{\"@type\":\"SearchAction\",\"target\":{\"@type\":\"EntryPoint\",\"urlTemplate\":\"https:\/\/www.hotelpraktikrambla.com\/fr\/?s={search_term_string}\"},\"query-input\":\"required name=search_term_string\"}],\"inLanguage\":\"fr-FR\"},{\"@type\":\"Organization\",\"@id\":\"https:\/\/www.hotelpraktikrambla.com\/fr\/#organization\",\"name\":\"Hotel Praktik Rambla\",\"url\":\"https:\/\/www.hotelpraktikrambla.com\/fr\/\",\"logo\":{\"@type\":\"ImageObject\",\"inLanguage\":\"fr-FR\",\"@id\":\"https:\/\/www.hotelpraktikrambla.com\/fr\/#\/schema\/logo\/image\/\",\"url\":\"https:\/\/www.hotelpraktikrambla.com\/wp-content\/uploads\/sites\/5\/2022\/11\/praktik-vinoteca-habitacion01.jpg\",\"contentUrl\":\"https:\/\/www.hotelpraktikrambla.com\/wp-content\/uploads\/sites\/5\/2022\/11\/praktik-vinoteca-habitacion01.jpg\",\"width\":960,\"height\":635,\"caption\":\"Hotel Praktik Rambla\"},\"image\":{\"@id\":\"https:\/\/www.hotelpraktikrambla.com\/fr\/#\/schema\/logo\/image\/\"},\"sameAs\":[\"https:\/\/www.facebook.com\/praktikhotels\/\",\"https:\/\/x.com\/praktikhotels\",\"https:\/\/www.instagram.com\/praktikhotels\/\"]},{\"@type\":\"Person\",\"@id\":\"https:\/\/www.hotelpraktikrambla.com\/fr\/#\/schema\/person\/4015c3b656759440a8291536b481326d\",\"name\":\"praktkmaster\",\"image\":{\"@type\":\"ImageObject\",\"inLanguage\":\"fr-FR\",\"@id\":\"https:\/\/www.hotelpraktikrambla.com\/fr\/#\/schema\/person\/image\/\",\"url\":\"https:\/\/secure.gravatar.com\/avatar\/29d735a18eaffe4d58415575700d4e8f?s=96&d=mm&r=g\",\"contentUrl\":\"https:\/\/secure.gravatar.com\/avatar\/29d735a18eaffe4d58415575700d4e8f?s=96&d=mm&r=g\",\"caption\":\"praktkmaster\"},\"sameAs\":[\"http:\/\/praktikdev.rkinnova.com\"]}]}<\/script>\n<!-- \/ Yoast SEO plugin. -->","yoast_head_json":{"title":"Les services de notre h\u00f4tel de Barcelone sur Las Ramblas","description":"L'H\u00f4tel Praktik Rambla met \u00e0 votre disposition tous les services dont vous avez besoin dans l'un des meilleurs h\u00f4tels modernistes de Barcelone.","robots":{"index":"index","follow":"follow","max-snippet":"max-snippet:-1","max-image-preview":"max-image-preview:large","max-video-preview":"max-video-preview:-1"},"canonical":"https:\/\/www.hotelpraktikrambla.com\/fr\/hotel-a-barcelone\/service\/","og_locale":"fr_FR","og_type":"article","og_title":"Les services de notre h\u00f4tel de Barcelone sur Las Ramblas","og_description":"L'H\u00f4tel Praktik Rambla met \u00e0 votre disposition tous les services dont vous avez besoin dans l'un des meilleurs h\u00f4tels modernistes de Barcelone.","og_url":"https:\/\/www.hotelpraktikrambla.com\/fr\/hotel-a-barcelone\/service\/","og_site_name":"Hotel Praktik Rambla","article_publisher":"https:\/\/www.facebook.com\/praktikhotels\/","article_modified_time":"2024-01-29T10:30:06+00:00","og_image":[{"width":540,"height":540,"url":"https:\/\/www.hotelpraktikrambla.com\/wp-content\/uploads\/sites\/5\/2022\/11\/HOTEL-PRAKTIK-RAMBLA-BARCELONA_3-8.jpg","type":"image\/jpeg"}],"twitter_card":"summary_large_image","twitter_title":"Les services de notre h\u00f4tel de Barcelone sur Las Ramblas","twitter_description":"L'H\u00f4tel Praktik Rambla met \u00e0 votre disposition tous les services dont vous avez besoin dans l'un des meilleurs h\u00f4tels modernistes de Barcelone.","twitter_site":"@praktikhotels","twitter_misc":{"Dur\u00e9e de lecture estim\u00e9e":"4 minutes"},"schema":{"@context":"https:\/\/schema.org","@graph":[{"@type":"Article","@id":"https:\/\/www.hotelpraktikrambla.com\/fr\/hotel-a-barcelone\/service\/#article","isPartOf":{"@id":"https:\/\/www.hotelpraktikrambla.com\/fr\/hotel-a-barcelone\/service\/"},"author":{"name":"praktkmaster","@id":"https:\/\/www.hotelpraktikrambla.com\/fr\/#\/schema\/person\/4015c3b656759440a8291536b481326d"},"headline":"Service","datePublished":"2022-11-07T09:19:07+00:00","dateModified":"2024-01-29T10:30:06+00:00","mainEntityOfPage":{"@id":"https:\/\/www.hotelpraktikrambla.com\/fr\/hotel-a-barcelone\/service\/"},"wordCount":114,"publisher":{"@id":"https:\/\/www.hotelpraktikrambla.com\/fr\/#organization"},"image":{"@id":"https:\/\/www.hotelpraktikrambla.com\/fr\/hotel-a-barcelone\/service\/#primaryimage"},"thumbnailUrl":"https:\/\/www.hotelpraktikrambla.com\/wp-content\/uploads\/sites\/5\/2022\/11\/HOTEL-PRAKTIK-RAMBLA-BARCELONA_3-8.jpg","inLanguage":"fr-FR"},{"@type":"WebPage","@id":"https:\/\/www.hotelpraktikrambla.com\/fr\/hotel-a-barcelone\/service\/","url":"https:\/\/www.hotelpraktikrambla.com\/fr\/hotel-a-barcelone\/service\/","name":"Les services de notre h\u00f4tel de Barcelone sur Las Ramblas","isPartOf":{"@id":"https:\/\/www.hotelpraktikrambla.com\/fr\/#website"},"primaryImageOfPage":{"@id":"https:\/\/www.hotelpraktikrambla.com\/fr\/hotel-a-barcelone\/service\/#primaryimage"},"image":{"@id":"https:\/\/www.hotelpraktikrambla.com\/fr\/hotel-a-barcelone\/service\/#primaryimage"},"thumbnailUrl":"https:\/\/www.hotelpraktikrambla.com\/wp-content\/uploads\/sites\/5\/2022\/11\/HOTEL-PRAKTIK-RAMBLA-BARCELONA_3-8.jpg","datePublished":"2022-11-07T09:19:07+00:00","dateModified":"2024-01-29T10:30:06+00:00","description":"L'H\u00f4tel Praktik Rambla met \u00e0 votre disposition tous les services dont vous avez besoin dans l'un des meilleurs h\u00f4tels modernistes de Barcelone.","breadcrumb":{"@id":"https:\/\/www.hotelpraktikrambla.com\/fr\/hotel-a-barcelone\/service\/#breadcrumb"},"inLanguage":"fr-FR","potentialAction":[{"@type":"ReadAction","target":["https:\/\/www.hotelpraktikrambla.com\/fr\/hotel-a-barcelone\/service\/"]}]},{"@type":"ImageObject","inLanguage":"fr-FR","@id":"https:\/\/www.hotelpraktikrambla.com\/fr\/hotel-a-barcelone\/service\/#primaryimage","url":"https:\/\/www.hotelpraktikrambla.com\/wp-content\/uploads\/sites\/5\/2022\/11\/HOTEL-PRAKTIK-RAMBLA-BARCELONA_3-8.jpg","contentUrl":"https:\/\/www.hotelpraktikrambla.com\/wp-content\/uploads\/sites\/5\/2022\/11\/HOTEL-PRAKTIK-RAMBLA-BARCELONA_3-8.jpg","width":540,"height":540,"caption":"fen\u00eatre int\u00e9rieure Hotel Praktik Rambla"},{"@type":"BreadcrumbList","@id":"https:\/\/www.hotelpraktikrambla.com\/fr\/hotel-a-barcelone\/service\/#breadcrumb","itemListElement":[{"@type":"ListItem","position":1,"name":"Portada","item":"https:\/\/www.hotelpraktikrambla.com\/fr\/"},{"@type":"ListItem","position":2,"name":"Hotel a Barcelone","item":"https:\/\/www.hotelpraktikrambla.com\/fr\/"},{"@type":"ListItem","position":3,"name":"Service"}]},{"@type":"WebSite","@id":"https:\/\/www.hotelpraktikrambla.com\/fr\/#website","url":"https:\/\/www.hotelpraktikrambla.com\/fr\/","name":"Hotel Praktik Rambla","description":"Un hotel con mucha historia","publisher":{"@id":"https:\/\/www.hotelpraktikrambla.com\/fr\/#organization"},"potentialAction":[{"@type":"SearchAction","target":{"@type":"EntryPoint","urlTemplate":"https:\/\/www.hotelpraktikrambla.com\/fr\/?s={search_term_string}"},"query-input":"required name=search_term_string"}],"inLanguage":"fr-FR"},{"@type":"Organization","@id":"https:\/\/www.hotelpraktikrambla.com\/fr\/#organization","name":"Hotel Praktik Rambla","url":"https:\/\/www.hotelpraktikrambla.com\/fr\/","logo":{"@type":"ImageObject","inLanguage":"fr-FR","@id":"https:\/\/www.hotelpraktikrambla.com\/fr\/#\/schema\/logo\/image\/","url":"https:\/\/www.hotelpraktikrambla.com\/wp-content\/uploads\/sites\/5\/2022\/11\/praktik-vinoteca-habitacion01.jpg","contentUrl":"https:\/\/www.hotelpraktikrambla.com\/wp-content\/uploads\/sites\/5\/2022\/11\/praktik-vinoteca-habitacion01.jpg","width":960,"height":635,"caption":"Hotel Praktik Rambla"},"image":{"@id":"https:\/\/www.hotelpraktikrambla.com\/fr\/#\/schema\/logo\/image\/"},"sameAs":["https:\/\/www.facebook.com\/praktikhotels\/","https:\/\/x.com\/praktikhotels","https:\/\/www.instagram.com\/praktikhotels\/"]},{"@type":"Person","@id":"https:\/\/www.hotelpraktikrambla.com\/fr\/#\/schema\/person\/4015c3b656759440a8291536b481326d","name":"praktkmaster","image":{"@type":"ImageObject","inLanguage":"fr-FR","@id":"https:\/\/www.hotelpraktikrambla.com\/fr\/#\/schema\/person\/image\/","url":"https:\/\/secure.gravatar.com\/avatar\/29d735a18eaffe4d58415575700d4e8f?s=96&d=mm&r=g","contentUrl":"https:\/\/secure.gravatar.com\/avatar\/29d735a18eaffe4d58415575700d4e8f?s=96&d=mm&r=g","caption":"praktkmaster"},"sameAs":["http:\/\/praktikdev.rkinnova.com"]}]}},"_links":{"self":[{"href":"https:\/\/www.hotelpraktikrambla.com\/fr\/wp-json\/wp\/v2\/pages\/7687"}],"collection":[{"href":"https:\/\/www.hotelpraktikrambla.com\/fr\/wp-json\/wp\/v2\/pages"}],"about":[{"href":"https:\/\/www.hotelpraktikrambla.com\/fr\/wp-json\/wp\/v2\/types\/page"}],"author":[{"embeddable":true,"href":"https:\/\/www.hotelpraktikrambla.com\/fr\/wp-json\/wp\/v2\/users\/1"}],"replies":[{"embeddable":true,"href":"https:\/\/www.hotelpraktikrambla.com\/fr\/wp-json\/wp\/v2\/comments?post=7687"}],"version-history":[{"count":4,"href":"https:\/\/www.hotelpraktikrambla.com\/fr\/wp-json\/wp\/v2\/pages\/7687\/revisions"}],"predecessor-version":[{"id":12815,"href":"https:\/\/www.hotelpraktikrambla.com\/fr\/wp-json\/wp\/v2\/pages\/7687\/revisions\/12815"}],"up":[{"embeddable":true,"href":"https:\/\/www.hotelpraktikrambla.com\/fr\/wp-json\/wp\/v2\/pages\/7574"}],"wp:featuredmedia":[{"embeddable":true,"href":"https:\/\/www.hotelpraktikrambla.com\/fr\/wp-json\/wp\/v2\/media\/9976"}],"wp:attachment":[{"href":"https:\/\/www.hotelpraktikrambla.com\/fr\/wp-json\/wp\/v2\/media?parent=7687"}],"curies":[{"name":"wp","href":"https:\/\/api.w.org\/{rel}","templated":true}]}}