{"id":7692,"date":"2022-11-07T09:19:07","date_gmt":"2022-11-07T09:19:07","guid":{"rendered":"https:\/\/www.hotelpraktikrambla.com\/?page_id=7692"},"modified":"2023-11-17T11:35:48","modified_gmt":"2023-11-17T11:35:48","slug":"service","status":"publish","type":"page","link":"https:\/\/www.hotelpraktikrambla.com\/de\/hotel-barcelona\/service\/","title":{"rendered":"Service"},"content":{"rendered":"<h1 style=\"text-align: center\">Unsere Leistungen<\/h1>\n<p style=\"text-align: center\">Das Praktik Rambla hat eine wunderbare Au\u00dfenterrasse mit Tischen, Liegest\u00fchlen und Sofas, auf der Sie sich nach einem ganz typischen Tag in Barcelona entspannen k\u00f6nnen. Sie haben nat\u00fcrlich auch freien Zugang zu unserer Lounge, auf der R\u00fcckseite des Geb\u00e4udes.<\/p>\n<p><img decoding=\"async\" title=\"wifi-icono\" src=\"https:\/\/www.hotelpraktikrambla.com\/wp-content\/uploads\/sites\/5\/2022\/11\/wifi-icono.png\" alt=\"wifi icono\" width=\"48\" height=\"36\" data-id=\"3668\" data-init-width=\"48\" data-init-height=\"36\" data-width=\"48\" data-height=\"36\" \/><\/p>\n<p style=\"text-align: center;color: #066f7a !important;--tcb-applied-color: #066f7a !important\">Gratis WLAN<\/p>\n<p><img decoding=\"async\" title=\"conserjeria-icono\" src=\"https:\/\/www.hotelpraktikrambla.com\/wp-content\/uploads\/sites\/5\/2022\/11\/conserjeria-icono.png\" alt=\"icono conserjeria\" width=\"48\" height=\"39\" data-id=\"3660\" data-init-width=\"54\" data-init-height=\"44\" data-width=\"48\" data-height=\"39\" \/><\/p>\n<p style=\"text-align: center\">\u00a024-Stunden-Concierge-Service<\/p>\n<p><img decoding=\"async\" title=\"cafe-icono\" src=\"https:\/\/www.hotelpraktikrambla.com\/wp-content\/uploads\/sites\/5\/2022\/11\/cafe-icono.png\" alt=\"icono m\u00e1quina de caf\u00e9\" width=\"40\" height=\"45\" data-id=\"3659\" data-init-width=\"40\" data-init-height=\"45\" data-width=\"40\" data-height=\"45\" \/><\/p>\n<p style=\"text-align: center\">\u00a0Kaffeemaschine<\/p>\n<p><img decoding=\"async\" title=\"restaurante-icono\" src=\"https:\/\/www.hotelpraktikrambla.com\/wp-content\/uploads\/sites\/5\/2022\/11\/restaurante-icono.png\" alt=\"restaurante icono\" width=\"55\" height=\"49\" data-id=\"3664\" data-init-width=\"55\" data-init-height=\"49\" data-width=\"55\" data-height=\"49\" \/><\/p>\n<p style=\"text-align: center;color: #066f7a !important;--tcb-applied-color: #066f7a !important\">\u00a0Restaurantreservierung<\/p>\n<p><img decoding=\"async\" title=\"desayuno\" src=\"https:\/\/www.hotelpraktikrambla.com\/wp-content\/uploads\/sites\/5\/2022\/11\/desayuno.png\" alt=\"desayuno\" width=\"70\" height=\"64\" data-id=\"8944\" data-init-width=\"150\" data-init-height=\"137\" data-width=\"70\" data-height=\"64\" \/><\/p>\n<p style=\"text-align: center\">Kostenloses Fr\u00fchst\u00fcck<\/p>\n<p><img decoding=\"async\" title=\"lavanderia-icono\" src=\"https:\/\/www.hotelpraktikrambla.com\/wp-content\/uploads\/sites\/5\/2022\/11\/lavanderia-icono.png\" alt=\"icono lavander\u00eda\" width=\"39\" height=\"46\" data-id=\"3662\" data-init-width=\"39\" data-init-height=\"46\" data-width=\"39\" data-height=\"46\" \/><\/p>\n<p style=\"text-align: center;color: #066f7a !important;--tcb-applied-color: #066f7a !important\">\u00a0W\u00e4scherei-Service<\/p>\n<p><img decoding=\"async\" title=\"toallas-icono\" src=\"https:\/\/www.hotelpraktikrambla.com\/wp-content\/uploads\/sites\/5\/2022\/11\/toallas-icono.png\" alt=\"toallas icono\" width=\"32\" height=\"46\" data-id=\"3667\" data-init-width=\"32\" data-init-height=\"46\" data-width=\"32\" data-height=\"46\" \/><\/p>\n<p style=\"text-align: center;color: #066f7a !important;--tcb-applied-color: #066f7a !important\">\u00a0Strandt\u00fccher<\/p>\n<p><img decoding=\"async\" title=\"amenities-icon\" src=\"https:\/\/www.hotelpraktikrambla.com\/wp-content\/uploads\/sites\/5\/2022\/11\/amenities-icon.png\" alt=\"Amenities anti alerg\u00e9nicos\" width=\"32\" height=\"44\" data-id=\"4508\" data-init-width=\"50\" data-init-height=\"69\" data-width=\"32\" data-height=\"44\" \/><\/p>\n<p style=\"text-align: center\">\u00a0Antiallergene Ausstattung<\/p>\n<p><img decoding=\"async\" title=\"nogluten\" src=\"https:\/\/www.hotelpraktikrambla.com\/wp-content\/uploads\/sites\/5\/2022\/11\/nogluten.png\" alt=\"desayunos sin gluten\" width=\"50\" height=\"50\" data-id=\"8950\" data-init-width=\"150\" data-init-height=\"150\" data-width=\"50\" data-height=\"50\" \/><\/p>\n<p style=\"text-align: center\">Glutenfreies Fr\u00fchst\u00fcck auf Anfrage<\/p>\n<p><img decoding=\"async\" title=\"almohadas\" src=\"https:\/\/www.hotelpraktikrambla.com\/wp-content\/uploads\/sites\/5\/2022\/11\/almohadas.png\" alt=\"selecci\u00f3n de almohadas\" width=\"52\" height=\"50\" data-id=\"8956\" data-init-width=\"150\" data-init-height=\"143\" data-width=\"52\" data-height=\"50\" \/><\/p>\n<p style=\"text-align: center\">Kissen-Men\u00fc<\/p>\n<p><img decoding=\"async\" title=\"taxisaeropuerto-icono\" src=\"https:\/\/www.hotelpraktikrambla.com\/wp-content\/uploads\/sites\/5\/2022\/11\/taxisaeropuerto-icono.png\" alt=\"taxi aeropuerto icono\" width=\"64\" height=\"46\" data-id=\"3665\" data-init-width=\"64\" data-init-height=\"46\" data-width=\"64\" data-height=\"46\" \/><\/p>\n<p style=\"text-align: center\">\u00a0Transfer zum Flughafen<\/p>\n<p><img decoding=\"async\" title=\"bascula-icono\" src=\"https:\/\/www.hotelpraktikrambla.com\/wp-content\/uploads\/sites\/5\/2022\/11\/bascula-icono.png\" alt=\"icono b\u00e1scula para equipaje\" width=\"74\" height=\"74\" data-id=\"3657\" data-init-width=\"45\" data-init-height=\"45\" data-width=\"74\" data-height=\"74\" \/><\/p>\n<p style=\"text-align: center\">Kofferwaage<\/p>\n<p><img decoding=\"async\" title=\"parking-icono\" src=\"https:\/\/www.hotelpraktikrambla.com\/wp-content\/uploads\/sites\/5\/2022\/11\/parking-icono.png\" alt=\"icono parking\" width=\"48\" height=\"48\" data-id=\"3663\" data-init-width=\"48\" data-init-height=\"48\" data-width=\"48\" data-height=\"48\" \/><\/p>\n<p style=\"text-align: center\">\u00a0 \u00d6ffentlicher Parkplatz 50 Meter vom Hotel entfernt<\/p>\n<p><img decoding=\"async\" title=\"accesibilidad-icon\" src=\"https:\/\/www.hotelpraktikrambla.com\/wp-content\/uploads\/sites\/5\/2022\/11\/accesibilidad-icon.png\" alt=\"accesibilidad\" width=\"51\" height=\"51\" data-id=\"4510\" data-init-width=\"50\" data-init-height=\"50\" data-width=\"51\" data-height=\"51\" \/><\/p>\n<p style=\"text-align: center\">\u00a0Zug\u00e4nglichkeit f\u00fcr Personen mit eingeschr\u00e4nkter Mobilit\u00e4t<\/p>\n<p style=\"text-align: center\">We are Barcelona<\/p>\n<p style=\"text-align: center\">We are Barcelona<\/p>\n<p>We are Barcelona<\/p>\n","protected":false},"excerpt":{"rendered":"<p>Unsere Leistungen Das Praktik Rambla hat eine wunderbare Au\u00dfenterrasse mit Tischen, Liegest\u00fchlen und Sofas, auf der Sie sich nach einem ganz typischen Tag in Barcelona entspannen k\u00f6nnen. Sie haben nat\u00fcrlich auch freien Zugang zu unserer Lounge, auf der R\u00fcckseite des Geb\u00e4udes. Gratis WLAN \u00a024-Stunden-Concierge-Service \u00a0Kaffeemaschine \u00a0Restaurantreservierung Kostenloses Fr\u00fchst\u00fcck \u00a0W\u00e4scherei-Service \u00a0Strandt\u00fccher \u00a0Antiallergene Ausstattung Glutenfreies Fr\u00fchst\u00fcck auf [&hellip;]<\/p>\n","protected":false},"author":1,"featured_media":9977,"parent":7570,"menu_order":0,"comment_status":"closed","ping_status":"closed","template":"","meta":{"inline_featured_image":false,"footnotes":""},"class_list":["post-7692","page","type-page","status-publish","has-post-thumbnail","hentry","post-wrapper","thrv_wrapper"],"yoast_head":"<!-- This site is optimized with the Yoast SEO plugin v23.2 - https:\/\/yoast.com\/wordpress\/plugins\/seo\/ -->\n<title>Dienstleistungen - Hotel Praktik Rambla<\/title>\n<meta name=\"description\" content=\"Finde im Hotel Praktik Rambla alle Dienstleistungen, die du f\u00fcr einen Aufenthalt in der Stadt genau nach deinen W\u00fcnschen ben\u00f6tigst. Buche jetzt!\" \/>\n<meta name=\"robots\" content=\"index, follow, max-snippet:-1, max-image-preview:large, max-video-preview:-1\" \/>\n<link rel=\"canonical\" href=\"https:\/\/www.hotelpraktikrambla.com\/de\/hotel-barcelona\/service\/\" \/>\n<meta property=\"og:locale\" content=\"de_DE\" \/>\n<meta property=\"og:type\" content=\"article\" \/>\n<meta property=\"og:title\" content=\"Dienstleistungen - Hotel Praktik Rambla\" \/>\n<meta property=\"og:description\" content=\"Finde im Hotel Praktik Rambla alle Dienstleistungen, die du f\u00fcr einen Aufenthalt in der Stadt genau nach deinen W\u00fcnschen ben\u00f6tigst. Buche jetzt!\" \/>\n<meta property=\"og:url\" content=\"https:\/\/www.hotelpraktikrambla.com\/de\/hotel-barcelona\/service\/\" \/>\n<meta property=\"og:site_name\" content=\"Hotel Praktik Rambla\" \/>\n<meta property=\"article:publisher\" content=\"https:\/\/www.facebook.com\/praktikhotels\/\" \/>\n<meta property=\"article:modified_time\" content=\"2023-11-17T11:35:48+00:00\" \/>\n<meta property=\"og:image\" content=\"https:\/\/www.hotelpraktikrambla.com\/wp-content\/uploads\/sites\/5\/2022\/11\/HOTEL-PRAKTIK-RAMBLA-BARCELONA_3-8.jpg\" \/>\n\t<meta property=\"og:image:width\" content=\"540\" \/>\n\t<meta property=\"og:image:height\" content=\"540\" \/>\n\t<meta property=\"og:image:type\" content=\"image\/jpeg\" \/>\n<meta name=\"twitter:card\" content=\"summary_large_image\" \/>\n<meta name=\"twitter:title\" content=\"Dienstleistungen - Hotel Praktik Rambla\" \/>\n<meta name=\"twitter:description\" content=\"Finde im Hotel Praktik Rambla alle Dienstleistungen, die du f\u00fcr einen Aufenthalt in der Stadt genau nach deinen W\u00fcnschen ben\u00f6tigst. Buche jetzt!\" \/>\n<meta name=\"twitter:site\" content=\"@praktikhotels\" \/>\n<meta name=\"twitter:label1\" content=\"Gesch\u00e4tzte Lesezeit\" \/>\n\t<meta name=\"twitter:data1\" content=\"4\u00a0Minuten\" \/>\n<script type=\"application\/ld+json\" class=\"yoast-schema-graph\">{\"@context\":\"https:\/\/schema.org\",\"@graph\":[{\"@type\":\"Article\",\"@id\":\"https:\/\/www.hotelpraktikrambla.com\/de\/hotel-barcelona\/service\/#article\",\"isPartOf\":{\"@id\":\"https:\/\/www.hotelpraktikrambla.com\/de\/hotel-barcelona\/service\/\"},\"author\":{\"name\":\"praktkmaster\",\"@id\":\"https:\/\/www.hotelpraktikrambla.com\/de\/#\/schema\/person\/4015c3b656759440a8291536b481326d\"},\"headline\":\"Service\",\"datePublished\":\"2022-11-07T09:19:07+00:00\",\"dateModified\":\"2023-11-17T11:35:48+00:00\",\"mainEntityOfPage\":{\"@id\":\"https:\/\/www.hotelpraktikrambla.com\/de\/hotel-barcelona\/service\/\"},\"wordCount\":99,\"publisher\":{\"@id\":\"https:\/\/www.hotelpraktikrambla.com\/de\/#organization\"},\"image\":{\"@id\":\"https:\/\/www.hotelpraktikrambla.com\/de\/hotel-barcelona\/service\/#primaryimage\"},\"thumbnailUrl\":\"https:\/\/www.hotelpraktikrambla.com\/wp-content\/uploads\/sites\/5\/2022\/11\/HOTEL-PRAKTIK-RAMBLA-BARCELONA_3-8.jpg\",\"inLanguage\":\"de\"},{\"@type\":\"WebPage\",\"@id\":\"https:\/\/www.hotelpraktikrambla.com\/de\/hotel-barcelona\/service\/\",\"url\":\"https:\/\/www.hotelpraktikrambla.com\/de\/hotel-barcelona\/service\/\",\"name\":\"Dienstleistungen - Hotel Praktik Rambla\",\"isPartOf\":{\"@id\":\"https:\/\/www.hotelpraktikrambla.com\/de\/#website\"},\"primaryImageOfPage\":{\"@id\":\"https:\/\/www.hotelpraktikrambla.com\/de\/hotel-barcelona\/service\/#primaryimage\"},\"image\":{\"@id\":\"https:\/\/www.hotelpraktikrambla.com\/de\/hotel-barcelona\/service\/#primaryimage\"},\"thumbnailUrl\":\"https:\/\/www.hotelpraktikrambla.com\/wp-content\/uploads\/sites\/5\/2022\/11\/HOTEL-PRAKTIK-RAMBLA-BARCELONA_3-8.jpg\",\"datePublished\":\"2022-11-07T09:19:07+00:00\",\"dateModified\":\"2023-11-17T11:35:48+00:00\",\"description\":\"Finde im Hotel Praktik Rambla alle Dienstleistungen, die du f\u00fcr einen Aufenthalt in der Stadt genau nach deinen W\u00fcnschen ben\u00f6tigst. Buche jetzt!\",\"breadcrumb\":{\"@id\":\"https:\/\/www.hotelpraktikrambla.com\/de\/hotel-barcelona\/service\/#breadcrumb\"},\"inLanguage\":\"de\",\"potentialAction\":[{\"@type\":\"ReadAction\",\"target\":[\"https:\/\/www.hotelpraktikrambla.com\/de\/hotel-barcelona\/service\/\"]}]},{\"@type\":\"ImageObject\",\"inLanguage\":\"de\",\"@id\":\"https:\/\/www.hotelpraktikrambla.com\/de\/hotel-barcelona\/service\/#primaryimage\",\"url\":\"https:\/\/www.hotelpraktikrambla.com\/wp-content\/uploads\/sites\/5\/2022\/11\/HOTEL-PRAKTIK-RAMBLA-BARCELONA_3-8.jpg\",\"contentUrl\":\"https:\/\/www.hotelpraktikrambla.com\/wp-content\/uploads\/sites\/5\/2022\/11\/HOTEL-PRAKTIK-RAMBLA-BARCELONA_3-8.jpg\",\"width\":540,\"height\":540,\"caption\":\"Innenfenster Hotel Praktik Rambla\"},{\"@type\":\"BreadcrumbList\",\"@id\":\"https:\/\/www.hotelpraktikrambla.com\/de\/hotel-barcelona\/service\/#breadcrumb\",\"itemListElement\":[{\"@type\":\"ListItem\",\"position\":1,\"name\":\"Portada\",\"item\":\"https:\/\/www.hotelpraktikrambla.com\/de\/\"},{\"@type\":\"ListItem\",\"position\":2,\"name\":\"Hotel Barcelona\",\"item\":\"https:\/\/www.hotelpraktikrambla.com\/de\/\"},{\"@type\":\"ListItem\",\"position\":3,\"name\":\"Service\"}]},{\"@type\":\"WebSite\",\"@id\":\"https:\/\/www.hotelpraktikrambla.com\/de\/#website\",\"url\":\"https:\/\/www.hotelpraktikrambla.com\/de\/\",\"name\":\"Hotel Praktik Rambla\",\"description\":\"Un hotel con mucha historia\",\"publisher\":{\"@id\":\"https:\/\/www.hotelpraktikrambla.com\/de\/#organization\"},\"potentialAction\":[{\"@type\":\"SearchAction\",\"target\":{\"@type\":\"EntryPoint\",\"urlTemplate\":\"https:\/\/www.hotelpraktikrambla.com\/de\/?s={search_term_string}\"},\"query-input\":\"required name=search_term_string\"}],\"inLanguage\":\"de\"},{\"@type\":\"Organization\",\"@id\":\"https:\/\/www.hotelpraktikrambla.com\/de\/#organization\",\"name\":\"Hotel Praktik Rambla\",\"url\":\"https:\/\/www.hotelpraktikrambla.com\/de\/\",\"logo\":{\"@type\":\"ImageObject\",\"inLanguage\":\"de\",\"@id\":\"https:\/\/www.hotelpraktikrambla.com\/de\/#\/schema\/logo\/image\/\",\"url\":\"https:\/\/www.hotelpraktikrambla.com\/wp-content\/uploads\/sites\/5\/2022\/11\/praktik-vinoteca-habitacion01.jpg\",\"contentUrl\":\"https:\/\/www.hotelpraktikrambla.com\/wp-content\/uploads\/sites\/5\/2022\/11\/praktik-vinoteca-habitacion01.jpg\",\"width\":960,\"height\":635,\"caption\":\"Hotel Praktik Rambla\"},\"image\":{\"@id\":\"https:\/\/www.hotelpraktikrambla.com\/de\/#\/schema\/logo\/image\/\"},\"sameAs\":[\"https:\/\/www.facebook.com\/praktikhotels\/\",\"https:\/\/x.com\/praktikhotels\",\"https:\/\/www.instagram.com\/praktikhotels\/\"]},{\"@type\":\"Person\",\"@id\":\"https:\/\/www.hotelpraktikrambla.com\/de\/#\/schema\/person\/4015c3b656759440a8291536b481326d\",\"name\":\"praktkmaster\",\"image\":{\"@type\":\"ImageObject\",\"inLanguage\":\"de\",\"@id\":\"https:\/\/www.hotelpraktikrambla.com\/de\/#\/schema\/person\/image\/\",\"url\":\"https:\/\/secure.gravatar.com\/avatar\/29d735a18eaffe4d58415575700d4e8f?s=96&d=mm&r=g\",\"contentUrl\":\"https:\/\/secure.gravatar.com\/avatar\/29d735a18eaffe4d58415575700d4e8f?s=96&d=mm&r=g\",\"caption\":\"praktkmaster\"},\"sameAs\":[\"http:\/\/praktikdev.rkinnova.com\"]}]}<\/script>\n<!-- \/ Yoast SEO plugin. -->","yoast_head_json":{"title":"Dienstleistungen - Hotel Praktik Rambla","description":"Finde im Hotel Praktik Rambla alle Dienstleistungen, die du f\u00fcr einen Aufenthalt in der Stadt genau nach deinen W\u00fcnschen ben\u00f6tigst. Buche jetzt!","robots":{"index":"index","follow":"follow","max-snippet":"max-snippet:-1","max-image-preview":"max-image-preview:large","max-video-preview":"max-video-preview:-1"},"canonical":"https:\/\/www.hotelpraktikrambla.com\/de\/hotel-barcelona\/service\/","og_locale":"de_DE","og_type":"article","og_title":"Dienstleistungen - Hotel Praktik Rambla","og_description":"Finde im Hotel Praktik Rambla alle Dienstleistungen, die du f\u00fcr einen Aufenthalt in der Stadt genau nach deinen W\u00fcnschen ben\u00f6tigst. Buche jetzt!","og_url":"https:\/\/www.hotelpraktikrambla.com\/de\/hotel-barcelona\/service\/","og_site_name":"Hotel Praktik Rambla","article_publisher":"https:\/\/www.facebook.com\/praktikhotels\/","article_modified_time":"2023-11-17T11:35:48+00:00","og_image":[{"width":540,"height":540,"url":"https:\/\/www.hotelpraktikrambla.com\/wp-content\/uploads\/sites\/5\/2022\/11\/HOTEL-PRAKTIK-RAMBLA-BARCELONA_3-8.jpg","type":"image\/jpeg"}],"twitter_card":"summary_large_image","twitter_title":"Dienstleistungen - Hotel Praktik Rambla","twitter_description":"Finde im Hotel Praktik Rambla alle Dienstleistungen, die du f\u00fcr einen Aufenthalt in der Stadt genau nach deinen W\u00fcnschen ben\u00f6tigst. Buche jetzt!","twitter_site":"@praktikhotels","twitter_misc":{"Gesch\u00e4tzte Lesezeit":"4\u00a0Minuten"},"schema":{"@context":"https:\/\/schema.org","@graph":[{"@type":"Article","@id":"https:\/\/www.hotelpraktikrambla.com\/de\/hotel-barcelona\/service\/#article","isPartOf":{"@id":"https:\/\/www.hotelpraktikrambla.com\/de\/hotel-barcelona\/service\/"},"author":{"name":"praktkmaster","@id":"https:\/\/www.hotelpraktikrambla.com\/de\/#\/schema\/person\/4015c3b656759440a8291536b481326d"},"headline":"Service","datePublished":"2022-11-07T09:19:07+00:00","dateModified":"2023-11-17T11:35:48+00:00","mainEntityOfPage":{"@id":"https:\/\/www.hotelpraktikrambla.com\/de\/hotel-barcelona\/service\/"},"wordCount":99,"publisher":{"@id":"https:\/\/www.hotelpraktikrambla.com\/de\/#organization"},"image":{"@id":"https:\/\/www.hotelpraktikrambla.com\/de\/hotel-barcelona\/service\/#primaryimage"},"thumbnailUrl":"https:\/\/www.hotelpraktikrambla.com\/wp-content\/uploads\/sites\/5\/2022\/11\/HOTEL-PRAKTIK-RAMBLA-BARCELONA_3-8.jpg","inLanguage":"de"},{"@type":"WebPage","@id":"https:\/\/www.hotelpraktikrambla.com\/de\/hotel-barcelona\/service\/","url":"https:\/\/www.hotelpraktikrambla.com\/de\/hotel-barcelona\/service\/","name":"Dienstleistungen - Hotel Praktik Rambla","isPartOf":{"@id":"https:\/\/www.hotelpraktikrambla.com\/de\/#website"},"primaryImageOfPage":{"@id":"https:\/\/www.hotelpraktikrambla.com\/de\/hotel-barcelona\/service\/#primaryimage"},"image":{"@id":"https:\/\/www.hotelpraktikrambla.com\/de\/hotel-barcelona\/service\/#primaryimage"},"thumbnailUrl":"https:\/\/www.hotelpraktikrambla.com\/wp-content\/uploads\/sites\/5\/2022\/11\/HOTEL-PRAKTIK-RAMBLA-BARCELONA_3-8.jpg","datePublished":"2022-11-07T09:19:07+00:00","dateModified":"2023-11-17T11:35:48+00:00","description":"Finde im Hotel Praktik Rambla alle Dienstleistungen, die du f\u00fcr einen Aufenthalt in der Stadt genau nach deinen W\u00fcnschen ben\u00f6tigst. Buche jetzt!","breadcrumb":{"@id":"https:\/\/www.hotelpraktikrambla.com\/de\/hotel-barcelona\/service\/#breadcrumb"},"inLanguage":"de","potentialAction":[{"@type":"ReadAction","target":["https:\/\/www.hotelpraktikrambla.com\/de\/hotel-barcelona\/service\/"]}]},{"@type":"ImageObject","inLanguage":"de","@id":"https:\/\/www.hotelpraktikrambla.com\/de\/hotel-barcelona\/service\/#primaryimage","url":"https:\/\/www.hotelpraktikrambla.com\/wp-content\/uploads\/sites\/5\/2022\/11\/HOTEL-PRAKTIK-RAMBLA-BARCELONA_3-8.jpg","contentUrl":"https:\/\/www.hotelpraktikrambla.com\/wp-content\/uploads\/sites\/5\/2022\/11\/HOTEL-PRAKTIK-RAMBLA-BARCELONA_3-8.jpg","width":540,"height":540,"caption":"Innenfenster Hotel Praktik Rambla"},{"@type":"BreadcrumbList","@id":"https:\/\/www.hotelpraktikrambla.com\/de\/hotel-barcelona\/service\/#breadcrumb","itemListElement":[{"@type":"ListItem","position":1,"name":"Portada","item":"https:\/\/www.hotelpraktikrambla.com\/de\/"},{"@type":"ListItem","position":2,"name":"Hotel Barcelona","item":"https:\/\/www.hotelpraktikrambla.com\/de\/"},{"@type":"ListItem","position":3,"name":"Service"}]},{"@type":"WebSite","@id":"https:\/\/www.hotelpraktikrambla.com\/de\/#website","url":"https:\/\/www.hotelpraktikrambla.com\/de\/","name":"Hotel Praktik Rambla","description":"Un hotel con mucha historia","publisher":{"@id":"https:\/\/www.hotelpraktikrambla.com\/de\/#organization"},"potentialAction":[{"@type":"SearchAction","target":{"@type":"EntryPoint","urlTemplate":"https:\/\/www.hotelpraktikrambla.com\/de\/?s={search_term_string}"},"query-input":"required name=search_term_string"}],"inLanguage":"de"},{"@type":"Organization","@id":"https:\/\/www.hotelpraktikrambla.com\/de\/#organization","name":"Hotel Praktik Rambla","url":"https:\/\/www.hotelpraktikrambla.com\/de\/","logo":{"@type":"ImageObject","inLanguage":"de","@id":"https:\/\/www.hotelpraktikrambla.com\/de\/#\/schema\/logo\/image\/","url":"https:\/\/www.hotelpraktikrambla.com\/wp-content\/uploads\/sites\/5\/2022\/11\/praktik-vinoteca-habitacion01.jpg","contentUrl":"https:\/\/www.hotelpraktikrambla.com\/wp-content\/uploads\/sites\/5\/2022\/11\/praktik-vinoteca-habitacion01.jpg","width":960,"height":635,"caption":"Hotel Praktik Rambla"},"image":{"@id":"https:\/\/www.hotelpraktikrambla.com\/de\/#\/schema\/logo\/image\/"},"sameAs":["https:\/\/www.facebook.com\/praktikhotels\/","https:\/\/x.com\/praktikhotels","https:\/\/www.instagram.com\/praktikhotels\/"]},{"@type":"Person","@id":"https:\/\/www.hotelpraktikrambla.com\/de\/#\/schema\/person\/4015c3b656759440a8291536b481326d","name":"praktkmaster","image":{"@type":"ImageObject","inLanguage":"de","@id":"https:\/\/www.hotelpraktikrambla.com\/de\/#\/schema\/person\/image\/","url":"https:\/\/secure.gravatar.com\/avatar\/29d735a18eaffe4d58415575700d4e8f?s=96&d=mm&r=g","contentUrl":"https:\/\/secure.gravatar.com\/avatar\/29d735a18eaffe4d58415575700d4e8f?s=96&d=mm&r=g","caption":"praktkmaster"},"sameAs":["http:\/\/praktikdev.rkinnova.com"]}]}},"_links":{"self":[{"href":"https:\/\/www.hotelpraktikrambla.com\/de\/wp-json\/wp\/v2\/pages\/7692"}],"collection":[{"href":"https:\/\/www.hotelpraktikrambla.com\/de\/wp-json\/wp\/v2\/pages"}],"about":[{"href":"https:\/\/www.hotelpraktikrambla.com\/de\/wp-json\/wp\/v2\/types\/page"}],"author":[{"embeddable":true,"href":"https:\/\/www.hotelpraktikrambla.com\/de\/wp-json\/wp\/v2\/users\/1"}],"replies":[{"embeddable":true,"href":"https:\/\/www.hotelpraktikrambla.com\/de\/wp-json\/wp\/v2\/comments?post=7692"}],"version-history":[{"count":3,"href":"https:\/\/www.hotelpraktikrambla.com\/de\/wp-json\/wp\/v2\/pages\/7692\/revisions"}],"predecessor-version":[{"id":12837,"href":"https:\/\/www.hotelpraktikrambla.com\/de\/wp-json\/wp\/v2\/pages\/7692\/revisions\/12837"}],"up":[{"embeddable":true,"href":"https:\/\/www.hotelpraktikrambla.com\/de\/wp-json\/wp\/v2\/pages\/7570"}],"wp:featuredmedia":[{"embeddable":true,"href":"https:\/\/www.hotelpraktikrambla.com\/de\/wp-json\/wp\/v2\/media\/9977"}],"wp:attachment":[{"href":"https:\/\/www.hotelpraktikrambla.com\/de\/wp-json\/wp\/v2\/media?parent=7692"}],"curies":[{"name":"wp","href":"https:\/\/api.w.org\/{rel}","templated":true}]}}